{"id":2153,"date":"2025-06-21T17:33:38","date_gmt":"2025-06-21T10:33:38","guid":{"rendered":"https:\/\/bevn.org\/contact\/"},"modified":"2025-06-23T02:05:39","modified_gmt":"2025-06-22T19:05:39","slug":"contact","status":"publish","type":"page","link":"https:\/\/bevn.org\/vi\/contact","title":{"rendered":"Li\u00ean h\u1ec7"},"content":{"rendered":"\t\t<div data-elementor-type=\"wp-page\" data-elementor-id=\"2153\" class=\"elementor elementor-2153\" data-elementor-post-type=\"page\">\n\t\t\t\t<div class=\"elementor-element elementor-element-2f946d5 e-flex e-con-boxed e-con e-parent\" data-id=\"2f946d5\" data-element_type=\"container\" data-e-type=\"container\" data-settings=\"{&quot;background_background&quot;:&quot;classic&quot;}\">\n\t\t\t\t\t<div class=\"e-con-inner\">\n\t\t\t\t\t<\/div>\n\t\t\t\t<\/div>\n\t\t<div class=\"elementor-element elementor-element-e1baab9 e-flex e-con-boxed e-con e-parent\" data-id=\"e1baab9\" data-element_type=\"container\" data-e-type=\"container\">\n\t\t\t\t\t<div class=\"e-con-inner\">\n\t\t<div class=\"elementor-element elementor-element-2933275 e-con-full e-flex e-con e-child\" data-id=\"2933275\" data-element_type=\"container\" data-e-type=\"container\" data-settings=\"{&quot;background_background&quot;:&quot;classic&quot;}\">\n\t\t\t\t<div class=\"elementor-element elementor-element-117026c elementor-widget elementor-widget-heading\" data-id=\"117026c\" data-element_type=\"widget\" data-e-type=\"widget\" data-widget_type=\"heading.default\">\n\t\t\t\t<div class=\"elementor-widget-container\">\n\t\t\t\t\t<p class=\"elementor-heading-title elementor-size-default\">We are excited to help you on your english journey<\/p>\t\t\t\t<\/div>\n\t\t\t\t<\/div>\n\t\t\t\t<div class=\"elementor-element elementor-element-c2abeef elementor-widget__width-initial elementor-widget-mobile__width-inherit elementor-widget elementor-widget-wpforms\" data-id=\"c2abeef\" data-element_type=\"widget\" data-e-type=\"widget\" data-widget_type=\"wpforms.default\">\n\t\t\t\t<div class=\"elementor-widget-container\">\n\t\t\t\t\t<div class=\"wpforms-container wpforms-render-modern\" id=\"wpforms-2142\"><form id=\"wpforms-form-2142\" class=\"wpforms-validate wpforms-form wpforms-ajax-form\" data-formid=\"2142\" method=\"post\" enctype=\"multipart\/form-data\" action=\"\/vi\/wp-json\/wp\/v2\/pages\/2153\" data-token=\"5e39fff4fa72d5c783590c7b08596cd9\" data-token-time=\"1778176343\"><noscript class=\"wpforms-error-noscript\">Vui l\u00f2ng b\u1eadt JavaScript trong tr\u00ecnh duy\u1ec7t c\u1ee7a b\u1ea1n \u0111\u1ec3 ho\u00e0n th\u00e0nh Form n\u00e0y.<\/noscript><div id=\"wpforms-error-noscript\" style=\"display: none;\">Vui l\u00f2ng b\u1eadt JavaScript trong tr\u00ecnh duy\u1ec7t c\u1ee7a b\u1ea1n \u0111\u1ec3 ho\u00e0n th\u00e0nh Form n\u00e0y.<\/div><div class=\"wpforms-field-container\"><div id=\"wpforms-2142-field_1-container\" class=\"wpforms-field wpforms-field-text\" data-field-id=\"1\"><label class=\"wpforms-field-label wpforms-label-hide\" for=\"wpforms-2142-field_1\" aria-hidden=\"false\">Single Line Text <span class=\"wpforms-required-label\" aria-hidden=\"true\">*<\/span><\/label><input type=\"text\" id=\"wpforms-2142-field_1\" class=\"wpforms-field-large wpforms-field-required\" name=\"wpforms[fields][1]\" placeholder=\"Your Name\" aria-errormessage=\"wpforms-2142-field_1-error\" required><\/div><div id=\"wpforms-2142-field_6-container\" class=\"wpforms-field wpforms-field-text\" data-field-id=\"6\"><label class=\"wpforms-field-label wpforms-label-hide\" for=\"wpforms-2142-field_6\" aria-hidden=\"false\">Company Name<\/label><input type=\"text\" id=\"wpforms-2142-field_6\" class=\"wpforms-field-large\" name=\"wpforms[fields][6]\" placeholder=\"Company Name\" aria-errormessage=\"wpforms-2142-field_6-error\" ><\/div><div id=\"wpforms-2142-field_7-container\" class=\"wpforms-field wpforms-field-select wpforms-field-select-style-classic\" data-field-id=\"7\"><label class=\"wpforms-field-label wpforms-label-hide\" for=\"wpforms-2142-field_7\" aria-hidden=\"false\">Course Inquiry <span class=\"wpforms-required-label\" aria-hidden=\"true\">*<\/span><\/label><select id=\"wpforms-2142-field_7\" class=\"wpforms-field-large wpforms-field-required\" name=\"wpforms[fields][7]\" required=\"required\"><option value=\"\" class=\"placeholder\" disabled  selected='selected'>Select Course<\/option><option value=\"English For Tech\"  class=\"choice-2 depth-1\"  >English For Tech<\/option><option value=\"English For Hospitality\"  class=\"choice-3 depth-1\"  >English For Hospitality<\/option><option value=\"General Business English\"  class=\"choice-1 depth-1\"  >General Business English<\/option><option value=\"English For HR\"  class=\"choice-4 depth-1\"  >English For HR<\/option><option value=\"English For Logistics\"  class=\"choice-5 depth-1\"  >English For Logistics<\/option><\/select><div id=\"wpforms-2142-field_7-description\" class=\"wpforms-field-description\">Please select the course you are interested in.<\/div><\/div><div id=\"wpforms-2142-field_3-container\" class=\"wpforms-field wpforms-field-email\" data-field-id=\"3\"><label class=\"wpforms-field-label wpforms-label-hide\" for=\"wpforms-2142-field_3\" aria-hidden=\"false\">Your Email <span class=\"wpforms-required-label\" aria-hidden=\"true\">*<\/span><\/label><input type=\"email\" id=\"wpforms-2142-field_3\" class=\"wpforms-field-large wpforms-field-required\" name=\"wpforms[fields][3]\" placeholder=\"Your Email\" spellcheck=\"false\" aria-errormessage=\"wpforms-2142-field_3-error\" required><\/div><div id=\"wpforms-2142-field_5-container\" class=\"wpforms-field wpforms-field-number\" data-field-id=\"5\"><label class=\"wpforms-field-label wpforms-label-hide\" for=\"wpforms-2142-field_5\" aria-hidden=\"false\">Contact Number  <span class=\"wpforms-required-label\" aria-hidden=\"true\">*<\/span><\/label><input type=\"number\" id=\"wpforms-2142-field_5\" class=\"wpforms-field-large wpforms-field-required\" name=\"wpforms[fields][5]\" placeholder=\"Number - Zalo \/ WhatsApp \/ Phone\" step=\"any\" aria-errormessage=\"wpforms-2142-field_5-error\" required><\/div><div id=\"wpforms-2142-field_4-container\" class=\"wpforms-field wpforms-field-textarea\" data-field-id=\"4\"><label class=\"wpforms-field-label wpforms-label-hide\" for=\"wpforms-2142-field_4\" aria-hidden=\"false\">Message <span class=\"wpforms-required-label\" aria-hidden=\"true\">*<\/span><\/label><textarea id=\"wpforms-2142-field_4\" class=\"wpforms-field-medium wpforms-field-required\" name=\"wpforms[fields][4]\" placeholder=\"Please leave a detailed message\" aria-errormessage=\"wpforms-2142-field_4-error\" required><\/textarea><\/div><\/div><!-- .wpforms-field-container --><div class=\"wpforms-submit-container\" ><input type=\"hidden\" name=\"wpforms[id]\" value=\"2142\"><input type=\"hidden\" name=\"page_title\" value=\"\"><input type=\"hidden\" name=\"page_url\" value=\"https:\/\/bevn.org\/vi\/wp-json\/wp\/v2\/pages\/2153\"><input type=\"hidden\" name=\"url_referer\" value=\"\"><button type=\"submit\" name=\"wpforms[submit]\" id=\"wpforms-submit-2142\" class=\"wpforms-submit\" data-alt-text=\"Sending...\" data-submit-text=\"Submit\" aria-live=\"assertive\" value=\"wpforms-submit\">Submit<\/button><img decoding=\"async\" src=\"https:\/\/bevn.org\/wp-content\/plugins\/wpforms-lite\/assets\/images\/submit-spin.svg\" class=\"wpforms-submit-spinner\" style=\"display: none;\" width=\"26\" height=\"26\" alt=\"\u0110ang t\u1ea3i\"><\/div><\/form><\/div>  <!-- .wpforms-container -->\t\t\t\t<\/div>\n\t\t\t\t<\/div>\n\t\t\t\t<div class=\"elementor-element elementor-element-87373ed elementor-widget elementor-widget-text-editor\" data-id=\"87373ed\" data-element_type=\"widget\" data-e-type=\"widget\" data-widget_type=\"text-editor.default\">\n\t\t\t\t<div class=\"elementor-widget-container\">\n\t\t\t\t\t\t\t\t\t<p><img decoding=\"async\" class=\"alignnone wp-image-2390\" style=\"font-weight: inherit;\" src=\"https:\/\/bevn.org\/wp-content\/uploads\/2025\/06\/338-300x137.jpg\" alt=\"\" width=\"60\" height=\"27\" srcset=\"https:\/\/bevn.org\/wp-content\/uploads\/2025\/06\/338-300x137.jpg 300w, https:\/\/bevn.org\/wp-content\/uploads\/2025\/06\/338.jpg 625w\" sizes=\"(max-width: 60px) 100vw, 60px\" \/>\u00a0 You ca<span style=\"font-size: 16px;\">n also reach out to us on WhatsApp or Zalo on <\/span><a style=\"font-size: 16px;\" href=\"tel:0367088650\">+84367088650<\/a><\/p>\t\t\t\t\t\t\t\t<\/div>\n\t\t\t\t<\/div>\n\t\t\t\t<\/div>\n\t\t\t\t\t<\/div>\n\t\t\t\t<\/div>\n\t\t\t\t<\/div>\n\t\t","protected":false},"excerpt":{"rendered":"<p>We are excited to help you on your english journey Please enable JavaScript in your browser to complete this form.Please [&hellip;]<\/p>\n","protected":false},"author":1,"featured_media":0,"parent":0,"menu_order":0,"comment_status":"closed","ping_status":"closed","template":"","meta":{"site-sidebar-layout":"no-sidebar","site-content-layout":"","ast-site-content-layout":"full-width-container","site-content-style":"default","site-sidebar-style":"default","ast-global-header-display":"","ast-banner-title-visibility":"","ast-main-header-display":"","ast-hfb-above-header-display":"","ast-hfb-below-header-display":"","ast-hfb-mobile-header-display":"","site-post-title":"disabled","ast-breadcrumbs-content":"","ast-featured-img":"disabled","footer-sml-layout":"","ast-disable-related-posts":"","theme-transparent-header-meta":"enabled","adv-header-id-meta":"","stick-header-meta":"","header-above-stick-meta":"","header-main-stick-meta":"","header-below-stick-meta":"","astra-migrate-meta-layouts":"default","ast-page-background-enabled":"default","ast-page-background-meta":{"desktop":{"background-color":"var(--ast-global-color-4)","background-image":"","background-repeat":"repeat","background-position":"center center","background-size":"auto","background-attachment":"scroll","background-type":"","background-media":"","overlay-type":"","overlay-color":"","overlay-opacity":"","overlay-gradient":""},"tablet":{"background-color":"","background-image":"","background-repeat":"repeat","background-position":"center center","background-size":"auto","background-attachment":"scroll","background-type":"","background-media":"","overlay-type":"","overlay-color":"","overlay-opacity":"","overlay-gradient":""},"mobile":{"background-color":"","background-image":"","background-repeat":"repeat","background-position":"center center","background-size":"auto","background-attachment":"scroll","background-type":"","background-media":"","overlay-type":"","overlay-color":"","overlay-opacity":"","overlay-gradient":""}},"ast-content-background-meta":{"desktop":{"background-color":"var(--ast-global-color-5)","background-image":"","background-repeat":"repeat","background-position":"center center","background-size":"auto","background-attachment":"scroll","background-type":"","background-media":"","overlay-type":"","overlay-color":"","overlay-opacity":"","overlay-gradient":""},"tablet":{"background-color":"var(--ast-global-color-5)","background-image":"","background-repeat":"repeat","background-position":"center center","background-size":"auto","background-attachment":"scroll","background-type":"","background-media":"","overlay-type":"","overlay-color":"","overlay-opacity":"","overlay-gradient":""},"mobile":{"background-color":"var(--ast-global-color-5)","background-image":"","background-repeat":"repeat","background-position":"center center","background-size":"auto","background-attachment":"scroll","background-type":"","background-media":"","overlay-type":"","overlay-color":"","overlay-opacity":"","overlay-gradient":""}},"footnotes":""},"class_list":["post-2153","page","type-page","status-publish","hentry"],"yoast_head":"<!-- This site is optimized with the Yoast SEO plugin v27.5 - https:\/\/yoast.com\/product\/yoast-seo-wordpress\/ -->\n<title>Contact - BEVN<\/title>\n<meta name=\"robots\" content=\"index, follow, max-snippet:-1, max-image-preview:large, max-video-preview:-1\" \/>\n<link rel=\"canonical\" href=\"https:\/\/bevn.org\/vi\/contact\/\" \/>\n<meta property=\"og:locale\" content=\"vi_VN\" \/>\n<meta property=\"og:type\" content=\"article\" \/>\n<meta property=\"og:title\" content=\"Contact - BEVN\" \/>\n<meta property=\"og:description\" content=\"We are excited to help you on your english journey Please enable JavaScript in your browser to complete this form.Please [&hellip;]\" \/>\n<meta property=\"og:url\" content=\"https:\/\/bevn.org\/vi\/contact\/\" \/>\n<meta property=\"og:site_name\" content=\"BEVN\" \/>\n<meta property=\"article:modified_time\" content=\"2025-06-22T19:05:39+00:00\" \/>\n<meta property=\"og:image\" content=\"https:\/\/bevn.org\/wp-content\/plugins\/wpforms-lite\/assets\/images\/submit-spin.svg\" \/>\n<meta name=\"twitter:card\" content=\"summary_large_image\" \/>\n<meta name=\"twitter:label1\" content=\"\u01af\u1edbc t\u00ednh th\u1eddi gian \u0111\u1ecdc\" \/>\n\t<meta name=\"twitter:data1\" content=\"1 ph\u00fat\" \/>\n<script type=\"application\/ld+json\" class=\"yoast-schema-graph\">{\"@context\":\"https:\\\/\\\/schema.org\",\"@graph\":[{\"@type\":\"WebPage\",\"@id\":\"https:\\\/\\\/bevn.org\\\/contact\",\"url\":\"https:\\\/\\\/bevn.org\\\/contact\",\"name\":\"Contact - BEVN\",\"isPartOf\":{\"@id\":\"https:\\\/\\\/bevn.org\\\/#website\"},\"primaryImageOfPage\":{\"@id\":\"https:\\\/\\\/bevn.org\\\/contact#primaryimage\"},\"image\":{\"@id\":\"https:\\\/\\\/bevn.org\\\/contact#primaryimage\"},\"thumbnailUrl\":\"https:\\\/\\\/bevn.org\\\/wp-content\\\/plugins\\\/wpforms-lite\\\/assets\\\/images\\\/submit-spin.svg\",\"datePublished\":\"2025-06-21T10:33:38+00:00\",\"dateModified\":\"2025-06-22T19:05:39+00:00\",\"breadcrumb\":{\"@id\":\"https:\\\/\\\/bevn.org\\\/contact#breadcrumb\"},\"inLanguage\":\"vi\",\"potentialAction\":[{\"@type\":\"ReadAction\",\"target\":[\"https:\\\/\\\/bevn.org\\\/contact\"]}]},{\"@type\":\"ImageObject\",\"inLanguage\":\"vi\",\"@id\":\"https:\\\/\\\/bevn.org\\\/contact#primaryimage\",\"url\":\"https:\\\/\\\/bevn.org\\\/wp-content\\\/plugins\\\/wpforms-lite\\\/assets\\\/images\\\/submit-spin.svg\",\"contentUrl\":\"https:\\\/\\\/bevn.org\\\/wp-content\\\/plugins\\\/wpforms-lite\\\/assets\\\/images\\\/submit-spin.svg\"},{\"@type\":\"BreadcrumbList\",\"@id\":\"https:\\\/\\\/bevn.org\\\/contact#breadcrumb\",\"itemListElement\":[{\"@type\":\"ListItem\",\"position\":1,\"name\":\"Home\",\"item\":\"https:\\\/\\\/bevn.org\\\/\"},{\"@type\":\"ListItem\",\"position\":2,\"name\":\"Contact\"}]},{\"@type\":\"WebSite\",\"@id\":\"https:\\\/\\\/bevn.org\\\/#website\",\"url\":\"https:\\\/\\\/bevn.org\\\/\",\"name\":\"BEVN\",\"description\":\"Business English Vietnam\",\"publisher\":{\"@id\":\"https:\\\/\\\/bevn.org\\\/#organization\"},\"potentialAction\":[{\"@type\":\"SearchAction\",\"target\":{\"@type\":\"EntryPoint\",\"urlTemplate\":\"https:\\\/\\\/bevn.org\\\/?s={search_term_string}\"},\"query-input\":{\"@type\":\"PropertyValueSpecification\",\"valueRequired\":true,\"valueName\":\"search_term_string\"}}],\"inLanguage\":\"vi\"},{\"@type\":\"Organization\",\"@id\":\"https:\\\/\\\/bevn.org\\\/#organization\",\"name\":\"BEVN\",\"url\":\"https:\\\/\\\/bevn.org\\\/\",\"logo\":{\"@type\":\"ImageObject\",\"inLanguage\":\"vi\",\"@id\":\"https:\\\/\\\/bevn.org\\\/#\\\/schema\\\/logo\\\/image\\\/\",\"url\":\"https:\\\/\\\/bevn.org\\\/wp-content\\\/uploads\\\/2025\\\/06\\\/cropped-BEVN-Logo-Block.png\",\"contentUrl\":\"https:\\\/\\\/bevn.org\\\/wp-content\\\/uploads\\\/2025\\\/06\\\/cropped-BEVN-Logo-Block.png\",\"width\":512,\"height\":512,\"caption\":\"BEVN\"},\"image\":{\"@id\":\"https:\\\/\\\/bevn.org\\\/#\\\/schema\\\/logo\\\/image\\\/\"}}]}<\/script>\n<!-- \/ Yoast SEO plugin. -->","yoast_head_json":{"title":"Contact - BEVN","robots":{"index":"index","follow":"follow","max-snippet":"max-snippet:-1","max-image-preview":"max-image-preview:large","max-video-preview":"max-video-preview:-1"},"canonical":"https:\/\/bevn.org\/vi\/contact\/","og_locale":"vi_VN","og_type":"article","og_title":"Contact - BEVN","og_description":"We are excited to help you on your english journey Please enable JavaScript in your browser to complete this form.Please [&hellip;]","og_url":"https:\/\/bevn.org\/vi\/contact\/","og_site_name":"BEVN","article_modified_time":"2025-06-22T19:05:39+00:00","og_image":[{"url":"https:\/\/bevn.org\/wp-content\/plugins\/wpforms-lite\/assets\/images\/submit-spin.svg","type":"","width":"","height":""}],"twitter_card":"summary_large_image","twitter_misc":{"\u01af\u1edbc t\u00ednh th\u1eddi gian \u0111\u1ecdc":"1 ph\u00fat"},"schema":{"@context":"https:\/\/schema.org","@graph":[{"@type":"WebPage","@id":"https:\/\/bevn.org\/contact","url":"https:\/\/bevn.org\/contact","name":"Contact - BEVN","isPartOf":{"@id":"https:\/\/bevn.org\/#website"},"primaryImageOfPage":{"@id":"https:\/\/bevn.org\/contact#primaryimage"},"image":{"@id":"https:\/\/bevn.org\/contact#primaryimage"},"thumbnailUrl":"https:\/\/bevn.org\/wp-content\/plugins\/wpforms-lite\/assets\/images\/submit-spin.svg","datePublished":"2025-06-21T10:33:38+00:00","dateModified":"2025-06-22T19:05:39+00:00","breadcrumb":{"@id":"https:\/\/bevn.org\/contact#breadcrumb"},"inLanguage":"vi","potentialAction":[{"@type":"ReadAction","target":["https:\/\/bevn.org\/contact"]}]},{"@type":"ImageObject","inLanguage":"vi","@id":"https:\/\/bevn.org\/contact#primaryimage","url":"https:\/\/bevn.org\/wp-content\/plugins\/wpforms-lite\/assets\/images\/submit-spin.svg","contentUrl":"https:\/\/bevn.org\/wp-content\/plugins\/wpforms-lite\/assets\/images\/submit-spin.svg"},{"@type":"BreadcrumbList","@id":"https:\/\/bevn.org\/contact#breadcrumb","itemListElement":[{"@type":"ListItem","position":1,"name":"Home","item":"https:\/\/bevn.org\/"},{"@type":"ListItem","position":2,"name":"Contact"}]},{"@type":"WebSite","@id":"https:\/\/bevn.org\/#website","url":"https:\/\/bevn.org\/","name":"BEVN","description":"Business English Vietnam","publisher":{"@id":"https:\/\/bevn.org\/#organization"},"potentialAction":[{"@type":"SearchAction","target":{"@type":"EntryPoint","urlTemplate":"https:\/\/bevn.org\/?s={search_term_string}"},"query-input":{"@type":"PropertyValueSpecification","valueRequired":true,"valueName":"search_term_string"}}],"inLanguage":"vi"},{"@type":"Organization","@id":"https:\/\/bevn.org\/#organization","name":"BEVN","url":"https:\/\/bevn.org\/","logo":{"@type":"ImageObject","inLanguage":"vi","@id":"https:\/\/bevn.org\/#\/schema\/logo\/image\/","url":"https:\/\/bevn.org\/wp-content\/uploads\/2025\/06\/cropped-BEVN-Logo-Block.png","contentUrl":"https:\/\/bevn.org\/wp-content\/uploads\/2025\/06\/cropped-BEVN-Logo-Block.png","width":512,"height":512,"caption":"BEVN"},"image":{"@id":"https:\/\/bevn.org\/#\/schema\/logo\/image\/"}}]}},"jetpack_sharing_enabled":true,"_links":{"self":[{"href":"https:\/\/bevn.org\/vi\/wp-json\/wp\/v2\/pages\/2153","targetHints":{"allow":["GET"]}}],"collection":[{"href":"https:\/\/bevn.org\/vi\/wp-json\/wp\/v2\/pages"}],"about":[{"href":"https:\/\/bevn.org\/vi\/wp-json\/wp\/v2\/types\/page"}],"author":[{"embeddable":true,"href":"https:\/\/bevn.org\/vi\/wp-json\/wp\/v2\/users\/1"}],"replies":[{"embeddable":true,"href":"https:\/\/bevn.org\/vi\/wp-json\/wp\/v2\/comments?post=2153"}],"version-history":[{"count":24,"href":"https:\/\/bevn.org\/vi\/wp-json\/wp\/v2\/pages\/2153\/revisions"}],"predecessor-version":[{"id":2446,"href":"https:\/\/bevn.org\/vi\/wp-json\/wp\/v2\/pages\/2153\/revisions\/2446"}],"wp:attachment":[{"href":"https:\/\/bevn.org\/vi\/wp-json\/wp\/v2\/media?parent=2153"}],"curies":[{"name":"wp","href":"https:\/\/api.w.org\/{rel}","templated":true}]}}