{"id":2147,"date":"2025-06-21T17:33:37","date_gmt":"2025-06-21T10:33:37","guid":{"rendered":"https:\/\/bevn.org\/about\/"},"modified":"2025-06-24T21:20:35","modified_gmt":"2025-06-24T14:20:35","slug":"about","status":"publish","type":"page","link":"https:\/\/bevn.org\/vi\/about","title":{"rendered":"Gi\u1edbi thi\u1ec7u"},"content":{"rendered":"<div data-elementor-type=\"wp-page\" data-elementor-id=\"2147\" class=\"elementor elementor-2147\" data-elementor-post-type=\"page\">\n\t\t\t\t<div class=\"elementor-element elementor-element-7f922c6 e-flex e-con-boxed e-con e-parent\" data-id=\"7f922c6\" data-element_type=\"container\" data-e-type=\"container\" data-settings=\"{&quot;background_background&quot;:&quot;classic&quot;}\">\n\t\t\t\t\t<div class=\"e-con-inner\">\n\t\t\t\t<div class=\"elementor-element elementor-element-d0b0095 elementor-widget elementor-widget-image\" data-id=\"d0b0095\" data-element_type=\"widget\" data-e-type=\"widget\" data-widget_type=\"image.default\">\n\t\t\t\t<div class=\"elementor-widget-container\">\n\t\t\t\t\t\t\t\t\t\t\t\t\t\t\t<img fetchpriority=\"high\" decoding=\"async\" width=\"300\" height=\"300\" src=\"https:\/\/bevn.org\/wp-content\/uploads\/2025\/06\/cropped-BEVN-Logo-Block-55x55.png\" class=\"attachment-medium size-medium wp-image-2127\" alt=\"\" srcset=\"https:\/\/bevn.org\/wp-content\/uploads\/2025\/06\/cropped-BEVN-Logo-Block-300x300.png 300w, https:\/\/bevn.org\/wp-content\/uploads\/2025\/06\/cropped-BEVN-Logo-Block-150x150.png 150w, https:\/\/bevn.org\/wp-content\/uploads\/2025\/06\/cropped-BEVN-Logo-Block-12x12.png 12w, https:\/\/bevn.org\/wp-content\/uploads\/2025\/06\/cropped-BEVN-Logo-Block-55x55.png 55w, https:\/\/bevn.org\/wp-content\/uploads\/2025\/06\/cropped-BEVN-Logo-Block.png 512w\" sizes=\"(max-width: 300px) 100vw, 300px\" \/>\t\t\t\t\t\t\t\t\t\t\t\t\t\t\t<\/div>\n\t\t\t\t<\/div>\n\t\t\t\t\t<\/div>\n\t\t\t\t<\/div>\n\t\t<div class=\"elementor-element elementor-element-1f19cca e-flex e-con-boxed e-con e-parent\" data-id=\"1f19cca\" data-element_type=\"container\" data-e-type=\"container\">\n\t\t\t\t\t<div class=\"e-con-inner\">\n\t\t<div class=\"elementor-element elementor-element-a6c4c0a e-con-full e-flex e-con e-child\" data-id=\"a6c4c0a\" data-element_type=\"container\" data-e-type=\"container\">\n\t\t\t\t<div class=\"elementor-element elementor-element-fa283f9 elementor-widget elementor-widget-heading\" data-id=\"fa283f9\" data-element_type=\"widget\" data-e-type=\"widget\" data-widget_type=\"heading.default\">\n\t\t\t\t<div class=\"elementor-widget-container\">\n\t\t\t\t\t<h2 class=\"elementor-heading-title elementor-size-default\">BEVN N\u00e2ng Cao N\u0103ng L\u1ef1c Lao \u0110\u1ed9ng Vi\u1ec7t Nam Qua Ti\u1ebfng Anh<\/h2>\t\t\t\t<\/div>\n\t\t\t\t<\/div>\n\t\t\t\t<\/div>\n\t\t<div class=\"elementor-element elementor-element-3d7b73f e-con-full e-flex e-con e-child\" data-id=\"3d7b73f\" data-element_type=\"container\" data-e-type=\"container\">\n\t\t\t\t<div class=\"elementor-element elementor-element-a19e392 elementor-widget elementor-widget-image-box\" data-id=\"a19e392\" data-element_type=\"widget\" data-e-type=\"widget\" data-widget_type=\"image-box.default\">\n\t\t\t\t<div class=\"elementor-widget-container\">\n\t\t\t\t\t<div class=\"elementor-image-box-wrapper\"><div class=\"elementor-image-box-content\"><p class=\"elementor-image-box-title\"><p data-start=\"185\" data-end=\"497\" class=\"translation-block\">Ch\u00e0o m\u1eebng \u0111\u1ebfn v\u1edbi BEVN \u2014 Ti\u1ebfng Anh Th\u01b0\u01a1ng M\u1ea1i Vi\u1ec7t Nam. T\u1ea1i BEVN, ch\u00fang t\u00f4i chuy\u00ean cung c\u1ea5p \u0111\u00e0o t\u1ea1o ti\u1ebfng Anh th\u01b0\u01a1ng m\u1ea1i tr\u1ef1c ti\u1ebfp, \u0111\u01b0\u1ee3c thi\u1ebft k\u1ebf ri\u00eang cho l\u1ef1c l\u01b0\u1ee3ng lao \u0111\u1ed9ng Vi\u1ec7t Nam. S\u1ee9 m\u1ec7nh c\u1ee7a ch\u00fang t\u00f4i l\u00e0 gi\u00fap c\u00e1c chuy\u00ean gia trong nhi\u1ec1u ng\u00e0nh ngh\u1ec1 n\u00f3i ti\u1ebfng Anh t\u1ef1 tin, giao ti\u1ebfp r\u00f5 r\u00e0ng v\u00e0 ph\u00e1t tri\u1ec3n s\u1ef1 nghi\u1ec7p th\u00f4ng qua k\u1ef9 n\u0103ng ti\u1ebfng Anh th\u1ef1c t\u1ebf, \u1ee9ng d\u1ee5ng trong \u0111\u1eddi s\u1ed1ng c\u00f4ng vi\u1ec7c h\u00e0ng ng\u00e0y.<\/p><p data-start=\"499\" data-end=\"837\" class=\"translation-block\">Ch\u00fang t\u00f4i cung c\u1ea5p c\u00e1c kh\u00f3a h\u1ecdc chuy\u00ean ng\u00e0nh v\u1ec1 Kh\u00e1ch s\u1ea1n, C\u00f4ng ngh\u1ec7, Nh\u00e2n s\u1ef1, Logistics v\u00e0 Ti\u1ebfng Anh Th\u01b0\u01a1ng m\u1ea1i T\u1ed5ng qu\u00e1t, t\u1ea5t c\u1ea3 \u0111\u1ec1u \u0111\u01b0\u1ee3c thi\u1ebft k\u1ebf v\u1edbi n\u1ed9i dung c\u1eadp nh\u1eadt v\u00e0 c\u00e1c t\u00ecnh hu\u1ed1ng th\u1ef1c t\u1ebf hi\u1ec7n \u0111\u1ea1i t\u1ea1i n\u01a1i l\u00e0m vi\u1ec7c. D\u00f9 b\u1ea1n l\u00e0 c\u00e1 nh\u00e2n mu\u1ed1n ph\u00e1t tri\u1ec3n s\u1ef1 nghi\u1ec7p hay c\u00f4ng ty \u0111\u00e0o t\u1ea1o \u0111\u1ed9i ng\u0169, BEVN mang \u0111\u1ebfn c\u00e1c ch\u01b0\u01a1ng tr\u00ecnh ti\u1ebfng Anh chuy\u00ean bi\u1ec7t ph\u00f9 h\u1ee3p v\u1edbi ti\u00eau chu\u1ea9n kinh doanh to\u00e0n c\u1ea7u hi\u1ec7n nay.<\/p><\/p><p class=\"elementor-image-box-description translation-block\">T\u1ea1i sao c\u00e1c chuy\u00ean gia ch\u1ecdn BEVN:\nB\u1edfi v\u00ec ch\u00fang t\u00f4i t\u1eadp trung v\u00e0o nh\u1eefng g\u00ec th\u1ef1c s\u1ef1 quan tr\u1ecdng \u2014 giao ti\u1ebfp th\u1ef1c t\u1ebf, k\u1ef9 n\u0103ng ph\u00f9 h\u1ee3p v\u00e0 k\u1ebft qu\u1ea3 b\u1ea1n c\u00f3 th\u1ec3 \u00e1p d\u1ee5ng ngay t\u1eeb ng\u00e0y \u0111\u1ea7u ti\u00ean.<\/p><\/div><\/div>\t\t\t\t<\/div>\n\t\t\t\t<\/div>\n\t\t\t\t<\/div>\n\t\t\t\t\t<\/div>\n\t\t\t\t<\/div>\n\t\t<div class=\"elementor-element elementor-element-69b05ff e-flex e-con-boxed e-con e-parent\" data-id=\"69b05ff\" data-element_type=\"container\" data-e-type=\"container\" data-settings=\"{&quot;background_background&quot;:&quot;classic&quot;}\">\n\t\t\t\t\t<div class=\"e-con-inner\">\n\t\t<div class=\"elementor-element elementor-element-799949e e-con-full e-flex e-con e-child\" data-id=\"799949e\" data-element_type=\"container\" data-e-type=\"container\">\n\t\t\t\t<div class=\"elementor-element elementor-element-615d8ae elementor-widget__width-initial elementor-widget elementor-widget-heading\" data-id=\"615d8ae\" data-element_type=\"widget\" data-e-type=\"widget\" data-widget_type=\"heading.default\">\n\t\t\t\t<div class=\"elementor-widget-container\">\n\t\t\t\t\t<p class=\"elementor-heading-title elementor-size-default\">T\u1ea1i BEVN, ph\u01b0\u01a1ng ph\u00e1p gi\u1ea3ng d\u1ea1y c\u1ee7a ch\u00fang t\u00f4i mang t\u00ednh th\u1ef1c ti\u1ec5n, hi\u1ec7n \u0111\u1ea1i v\u00e0 h\u01b0\u1edbng \u0111\u1ebfn th\u00e0nh c\u00f4ng trong th\u1ef1c t\u1ebf.<\/p>\t\t\t\t<\/div>\n\t\t\t\t<\/div>\n\t\t\t\t<div class=\"elementor-element elementor-element-302ea05 elementor-widget elementor-widget-heading\" data-id=\"302ea05\" data-element_type=\"widget\" data-e-type=\"widget\" data-widget_type=\"heading.default\">\n\t\t\t\t<div class=\"elementor-widget-container\">\n\t\t\t\t\t<h2 class=\"elementor-heading-title elementor-size-default\">\u0110\u00e0o t\u1ea1o \u00c1p d\u1ee5ng Trong Th\u1ef1c Ti\u1ec5n<\/h2>\t\t\t\t<\/div>\n\t\t\t\t<\/div>\n\t\t\t\t<\/div>\n\t\t<div class=\"elementor-element elementor-element-197e30f e-con-full e-flex e-con e-child\" data-id=\"197e30f\" data-element_type=\"container\" data-e-type=\"container\">\n\t\t<div class=\"elementor-element elementor-element-f46ae64 e-flex e-con-boxed e-con e-child\" data-id=\"f46ae64\" data-element_type=\"container\" data-e-type=\"container\">\n\t\t\t\t\t<div class=\"e-con-inner\">\n\t\t\t\t<div class=\"elementor-element elementor-element-f22b262 elementor-widget elementor-widget-hfe-infocard\" data-id=\"f22b262\" data-element_type=\"widget\" data-e-type=\"widget\" data-widget_type=\"hfe-infocard.default\">\n\t\t\t\t<div class=\"elementor-widget-container\">\n\t\t\t\t\t\n\t\t<div class=\"hfe-infocard\">\n\t\t\t\t\t\t\t\t\t<div class=\"hfe-infocard-title-wrap\">\n\t\t\t\t<h3 class=\"hfe-infocard-title elementor-inline-editing\" data-elementor-setting-key=\"infocard_title\" data-elementor-inline-editing-toolbar=\"basic\" >Ph\u01b0\u01a1ng ph\u00e1p 1: B\u1eaft \u0111\u1ea7u t\u1eeb ph\u00e1t \u00e2m chu\u1ea9n, x\u00e2y d\u1ef1ng s\u1ef1 t\u1ef1 tin<\/h3>\t\t\t<\/div>\n\t\t\t\t\t\t<div class=\"hfe-infocard-text-wrap\">\n\t\t\t\t<div class=\"hfe-infocard-text elementor-inline-editing\" data-elementor-setting-key=\"infocard_description\" data-elementor-inline-editing-toolbar=\"advanced\">\n\t\t\t\t\t<p data-start=\"185\" data-end=\"423\" class=\"translation-block\">M\u1ed7i kho\u00e1 h\u1ecdc \u0111\u1ec1u b\u1eaft \u0111\u1ea7u v\u1edbi m\u1ed9t k\u1ef9 n\u0103ng c\u1ed1t l\u00f5i: ph\u00e1t \u00e2m. Ch\u00fang t\u00f4i gi\u00fap h\u1ecdc vi\u00ean quay v\u1ec1 n\u1ec1n t\u1ea3ng c\u1ee7a k\u1ef9 n\u0103ng n\u00f3i ti\u1ebfng Anh \u2014 t\u1eadp trung v\u00e0o c\u00e1ch t\u1ea1o \u00e2m, v\u1ecb tr\u00ed nh\u1ea5n tr\u1ecdng \u00e2m v\u00e0 c\u00e1ch nh\u1ecbp \u0111i\u1ec7u \u1ea3nh h\u01b0\u1edfng \u0111\u1ebfn kh\u1ea3 n\u0103ng truy\u1ec1n \u0111\u1ea1t hi\u1ec3u qu\u1ea3.<\/p><p>\n<\/p><p data-start=\"425\" data-end=\"698\">B\u1eb1ng c\u00e1ch n\u1eafm v\u1eefng nh\u1eefng ki\u1ebfn th\u1ee9c c\u01a1 b\u1ea3n v\u1ec1 ng\u1eef \u00e2m, h\u1ecdc vi\u00ean c\u1ea3i thi\u1ec7n kh\u1ea3 n\u0103ng n\u00f3i r\u00f5 r\u00e0ng, k\u1ef9 n\u0103ng nghe hi\u1ec7u qu\u1ea3 v\u00e0 s\u1ef1 t\u1ef1 tin khi giao ti\u1ebfp. N\u1ec1n t\u1ea3ng v\u1eefng ch\u1eafc n\u00e0y h\u1ed7 tr\u1ee3 cho m\u1ecdi k\u1ef9 n\u0103ng ti\u1ebfp theo \u2014 t\u1eeb giao ti\u1ebfp n\u01a1i c\u00f4ng s\u1edf \u0111\u1ebfn thuy\u1ebft tr\u00ecnh v\u00e0 vi\u1ebft t\u00e0i li\u1ec7u chuy\u00ean nghi\u1ec7p.<\/p>\t\t\t\t<\/div>\n\t\t\t\t\t\t\t<\/div>\n\t\t<\/div>\n\n\t\t\t\t\t\t<\/div>\n\t\t\t\t<\/div>\n\t\t\t\t\t<\/div>\n\t\t\t\t<\/div>\n\t\t<div class=\"elementor-element elementor-element-a6305bb e-flex e-con-boxed e-con e-child\" data-id=\"a6305bb\" data-element_type=\"container\" data-e-type=\"container\">\n\t\t\t\t\t<div class=\"e-con-inner\">\n\t\t\t\t<div class=\"elementor-element elementor-element-421d8d2 elementor-widget elementor-widget-hfe-infocard\" data-id=\"421d8d2\" data-element_type=\"widget\" data-e-type=\"widget\" data-widget_type=\"hfe-infocard.default\">\n\t\t\t\t<div class=\"elementor-widget-container\">\n\t\t\t\t\t\n\t\t<div class=\"hfe-infocard\">\n\t\t\t\t\t\t\t\t\t<div class=\"hfe-infocard-title-wrap\">\n\t\t\t\t<h3 class=\"hfe-infocard-title elementor-inline-editing\" data-elementor-setting-key=\"infocard_title\" data-elementor-inline-editing-toolbar=\"basic\" >Ph\u01b0\u01a1ng ph\u00e1p 2: H\u1ecdc t\u1eadp Th\u1ef1c ti\u1ec5n, T\u1eadp trung theo Ng\u00e0nh ngh\u1ec1<\/h3>\t\t\t<\/div>\n\t\t\t\t\t\t<div class=\"hfe-infocard-text-wrap\">\n\t\t\t\t<div class=\"hfe-infocard-text elementor-inline-editing\" data-elementor-setting-key=\"infocard_description\" data-elementor-inline-editing-toolbar=\"advanced\">\n\t\t\t\t\t<p data-start=\"205\" data-end=\"528\">Ch\u00fang t\u00f4i tin r\u1eb1ng ti\u1ebfng Anh kh\u00f4ng ch\u1ec9 l\u00e0 luy\u1ec7n t\u1eadp ng\u1eef ph\u00e1p \u2014 m\u00e0 ph\u1ea3i h\u1eefu d\u1ee5ng ngay l\u1eadp t\u1ee9c t\u1ea1i n\u01a1i l\u00e0m vi\u1ec7c. \u0110\u00f3 l\u00e0 l\u00fd do m\u1ed7i kh\u00f3a h\u1ecdc t\u1ea1i BEVN \u0111\u1ec1u \u0111\u01b0\u1ee3c x\u00e2y d\u1ef1ng xoay quanh c\u00e1c t\u00ecnh hu\u1ed1ng th\u1ef1c t\u1ebf trong ng\u00e0nh ngh\u1ec1. T\u1eeb \u0111\u00f3ng vai l\u00e0m th\u1ee7 t\u1ee5c nh\u1eadn ph\u00f2ng kh\u00e1ch \u0111\u1ebfn luy\u1ec7n t\u1eadp c\u1eadp nh\u1eadt d\u1ef1 \u00e1n v\u00e0 ph\u1ecfng v\u1ea5n nh\u00e2n s\u1ef1, c\u00e1c b\u00e0i h\u1ecdc t\u1eadp trung v\u00e0o nh\u1eefng nhi\u1ec7m v\u1ee5 th\u1ef1c t\u1ebf m\u00e0 c\u00e1c chuy\u00ean gia ph\u1ea3i \u0111\u1ed1i m\u1eb7t h\u00e0ng ng\u00e0y.<\/p><p>\n<\/p><p data-start=\"530\" data-end=\"728\">Ch\u00fang t\u00f4i k\u1ebft h\u1ee3p c\u00e1c ph\u01b0\u01a1ng ph\u00e1p gi\u1ea3ng d\u1ea1y hi\u1ec7n \u0111\u1ea1i v\u1edbi t\u00e0i li\u1ec7u \u0111\u01b0\u1ee3c c\u1eadp nh\u1eadt m\u1edbi nh\u1ea5t \u0111\u1ec3 gi\u00fap h\u1ecdc vi\u00ean t\u1ef1 tin s\u1eed d\u1ee5ng ti\u1ebfng Anh trong c\u00e1c cu\u1ed9c h\u1ecdp, email, giao ti\u1ebfp v\u1edbi kh\u00e1ch h\u00e0ng v\u00e0 nhi\u1ec1u h\u01a1n n\u1eefa \u2014 t\u1eeb trong l\u1edbp h\u1ecdc \u0111\u1ebfn m\u00f4i tr\u01b0\u1eddng l\u00e0m vi\u1ec7c th\u1ef1c t\u1ebf.<\/p>\t\t\t\t<\/div>\n\t\t\t\t\t\t\t<\/div>\n\t\t<\/div>\n\n\t\t\t\t\t\t<\/div>\n\t\t\t\t<\/div>\n\t\t\t\t\t<\/div>\n\t\t\t\t<\/div>\n\t\t\t\t<\/div>\n\t\t\t\t\t<\/div>\n\t\t\t\t<\/div>\n\t\t\t\t<\/div>","protected":false},"excerpt":{"rendered":"<p>BEVN Empowers Vietnam\u2019s Workforce Through English Welcome to BEVN \u2014 Business English Vietnam At BEVN, we specialize in in-person Business [&hellip;]<\/p>\n","protected":false},"author":1,"featured_media":0,"parent":0,"menu_order":0,"comment_status":"closed","ping_status":"closed","template":"","meta":{"site-sidebar-layout":"no-sidebar","site-content-layout":"","ast-site-content-layout":"full-width-container","site-content-style":"default","site-sidebar-style":"default","ast-global-header-display":"","ast-banner-title-visibility":"","ast-main-header-display":"","ast-hfb-above-header-display":"","ast-hfb-below-header-display":"","ast-hfb-mobile-header-display":"","site-post-title":"disabled","ast-breadcrumbs-content":"","ast-featured-img":"disabled","footer-sml-layout":"","ast-disable-related-posts":"","theme-transparent-header-meta":"enabled","adv-header-id-meta":"","stick-header-meta":"","header-above-stick-meta":"","header-main-stick-meta":"","header-below-stick-meta":"","astra-migrate-meta-layouts":"default","ast-page-background-enabled":"default","ast-page-background-meta":{"desktop":{"background-color":"var(--ast-global-color-4)","background-image":"","background-repeat":"repeat","background-position":"center center","background-size":"auto","background-attachment":"scroll","background-type":"","background-media":"","overlay-type":"","overlay-color":"","overlay-opacity":"","overlay-gradient":""},"tablet":{"background-color":"","background-image":"","background-repeat":"repeat","background-position":"center center","background-size":"auto","background-attachment":"scroll","background-type":"","background-media":"","overlay-type":"","overlay-color":"","overlay-opacity":"","overlay-gradient":""},"mobile":{"background-color":"","background-image":"","background-repeat":"repeat","background-position":"center center","background-size":"auto","background-attachment":"scroll","background-type":"","background-media":"","overlay-type":"","overlay-color":"","overlay-opacity":"","overlay-gradient":""}},"ast-content-background-meta":{"desktop":{"background-color":"var(--ast-global-color-5)","background-image":"","background-repeat":"repeat","background-position":"center center","background-size":"auto","background-attachment":"scroll","background-type":"","background-media":"","overlay-type":"","overlay-color":"","overlay-opacity":"","overlay-gradient":""},"tablet":{"background-color":"var(--ast-global-color-5)","background-image":"","background-repeat":"repeat","background-position":"center center","background-size":"auto","background-attachment":"scroll","background-type":"","background-media":"","overlay-type":"","overlay-color":"","overlay-opacity":"","overlay-gradient":""},"mobile":{"background-color":"var(--ast-global-color-5)","background-image":"","background-repeat":"repeat","background-position":"center center","background-size":"auto","background-attachment":"scroll","background-type":"","background-media":"","overlay-type":"","overlay-color":"","overlay-opacity":"","overlay-gradient":""}},"footnotes":""},"class_list":["post-2147","page","type-page","status-publish","hentry"],"yoast_head":"<!-- This site is optimized with the Yoast SEO plugin v27.5 - https:\/\/yoast.com\/product\/yoast-seo-wordpress\/ -->\n<title>About - BEVN<\/title>\n<meta name=\"robots\" content=\"index, follow, max-snippet:-1, max-image-preview:large, max-video-preview:-1\" \/>\n<link rel=\"canonical\" href=\"https:\/\/bevn.org\/vi\/about\/\" \/>\n<meta property=\"og:locale\" content=\"vi_VN\" \/>\n<meta property=\"og:type\" content=\"article\" \/>\n<meta property=\"og:title\" content=\"About - BEVN\" \/>\n<meta property=\"og:description\" content=\"BEVN Empowers Vietnam\u2019s Workforce Through English Welcome to BEVN \u2014 Business English Vietnam At BEVN, we specialize in in-person Business [&hellip;]\" \/>\n<meta property=\"og:url\" content=\"https:\/\/bevn.org\/vi\/about\/\" \/>\n<meta property=\"og:site_name\" content=\"BEVN\" \/>\n<meta property=\"article:modified_time\" content=\"2025-06-24T14:20:35+00:00\" \/>\n<meta property=\"og:image\" content=\"https:\/\/bevn.org\/wp-content\/uploads\/2025\/06\/cropped-BEVN-Logo-Block.png\" \/>\n\t<meta property=\"og:image:width\" content=\"512\" \/>\n\t<meta property=\"og:image:height\" content=\"512\" \/>\n\t<meta property=\"og:image:type\" content=\"image\/png\" \/>\n<meta name=\"twitter:card\" content=\"summary_large_image\" \/>\n<meta name=\"twitter:label1\" content=\"\u01af\u1edbc t\u00ednh th\u1eddi gian \u0111\u1ecdc\" \/>\n\t<meta name=\"twitter:data1\" content=\"2 ph\u00fat\" \/>\n<script type=\"application\/ld+json\" class=\"yoast-schema-graph\">{\"@context\":\"https:\\\/\\\/schema.org\",\"@graph\":[{\"@type\":\"WebPage\",\"@id\":\"https:\\\/\\\/bevn.org\\\/about\",\"url\":\"https:\\\/\\\/bevn.org\\\/about\",\"name\":\"About - BEVN\",\"isPartOf\":{\"@id\":\"https:\\\/\\\/bevn.org\\\/#website\"},\"primaryImageOfPage\":{\"@id\":\"https:\\\/\\\/bevn.org\\\/about#primaryimage\"},\"image\":{\"@id\":\"https:\\\/\\\/bevn.org\\\/about#primaryimage\"},\"thumbnailUrl\":\"https:\\\/\\\/bevn.org\\\/wp-content\\\/uploads\\\/2025\\\/06\\\/cropped-BEVN-Logo-Block-55x55.png\",\"datePublished\":\"2025-06-21T10:33:37+00:00\",\"dateModified\":\"2025-06-24T14:20:35+00:00\",\"breadcrumb\":{\"@id\":\"https:\\\/\\\/bevn.org\\\/about#breadcrumb\"},\"inLanguage\":\"vi\",\"potentialAction\":[{\"@type\":\"ReadAction\",\"target\":[\"https:\\\/\\\/bevn.org\\\/about\"]}]},{\"@type\":\"ImageObject\",\"inLanguage\":\"vi\",\"@id\":\"https:\\\/\\\/bevn.org\\\/about#primaryimage\",\"url\":\"https:\\\/\\\/bevn.org\\\/wp-content\\\/uploads\\\/2025\\\/06\\\/cropped-BEVN-Logo-Block-55x55.png\",\"contentUrl\":\"https:\\\/\\\/bevn.org\\\/wp-content\\\/uploads\\\/2025\\\/06\\\/cropped-BEVN-Logo-Block-55x55.png\"},{\"@type\":\"BreadcrumbList\",\"@id\":\"https:\\\/\\\/bevn.org\\\/about#breadcrumb\",\"itemListElement\":[{\"@type\":\"ListItem\",\"position\":1,\"name\":\"Home\",\"item\":\"https:\\\/\\\/bevn.org\\\/\"},{\"@type\":\"ListItem\",\"position\":2,\"name\":\"About\"}]},{\"@type\":\"WebSite\",\"@id\":\"https:\\\/\\\/bevn.org\\\/#website\",\"url\":\"https:\\\/\\\/bevn.org\\\/\",\"name\":\"BEVN\",\"description\":\"Business English Vietnam\",\"publisher\":{\"@id\":\"https:\\\/\\\/bevn.org\\\/#organization\"},\"potentialAction\":[{\"@type\":\"SearchAction\",\"target\":{\"@type\":\"EntryPoint\",\"urlTemplate\":\"https:\\\/\\\/bevn.org\\\/?s={search_term_string}\"},\"query-input\":{\"@type\":\"PropertyValueSpecification\",\"valueRequired\":true,\"valueName\":\"search_term_string\"}}],\"inLanguage\":\"vi\"},{\"@type\":\"Organization\",\"@id\":\"https:\\\/\\\/bevn.org\\\/#organization\",\"name\":\"BEVN\",\"url\":\"https:\\\/\\\/bevn.org\\\/\",\"logo\":{\"@type\":\"ImageObject\",\"inLanguage\":\"vi\",\"@id\":\"https:\\\/\\\/bevn.org\\\/#\\\/schema\\\/logo\\\/image\\\/\",\"url\":\"https:\\\/\\\/bevn.org\\\/wp-content\\\/uploads\\\/2025\\\/06\\\/cropped-BEVN-Logo-Block.png\",\"contentUrl\":\"https:\\\/\\\/bevn.org\\\/wp-content\\\/uploads\\\/2025\\\/06\\\/cropped-BEVN-Logo-Block.png\",\"width\":512,\"height\":512,\"caption\":\"BEVN\"},\"image\":{\"@id\":\"https:\\\/\\\/bevn.org\\\/#\\\/schema\\\/logo\\\/image\\\/\"}}]}<\/script>\n<!-- \/ Yoast SEO plugin. -->","yoast_head_json":{"title":"About - BEVN","robots":{"index":"index","follow":"follow","max-snippet":"max-snippet:-1","max-image-preview":"max-image-preview:large","max-video-preview":"max-video-preview:-1"},"canonical":"https:\/\/bevn.org\/vi\/about\/","og_locale":"vi_VN","og_type":"article","og_title":"About - BEVN","og_description":"BEVN Empowers Vietnam\u2019s Workforce Through English Welcome to BEVN \u2014 Business English Vietnam At BEVN, we specialize in in-person Business [&hellip;]","og_url":"https:\/\/bevn.org\/vi\/about\/","og_site_name":"BEVN","article_modified_time":"2025-06-24T14:20:35+00:00","og_image":[{"width":512,"height":512,"url":"https:\/\/bevn.org\/wp-content\/uploads\/2025\/06\/cropped-BEVN-Logo-Block.png","type":"image\/png"}],"twitter_card":"summary_large_image","twitter_misc":{"\u01af\u1edbc t\u00ednh th\u1eddi gian \u0111\u1ecdc":"2 ph\u00fat"},"schema":{"@context":"https:\/\/schema.org","@graph":[{"@type":"WebPage","@id":"https:\/\/bevn.org\/about","url":"https:\/\/bevn.org\/about","name":"About - BEVN","isPartOf":{"@id":"https:\/\/bevn.org\/#website"},"primaryImageOfPage":{"@id":"https:\/\/bevn.org\/about#primaryimage"},"image":{"@id":"https:\/\/bevn.org\/about#primaryimage"},"thumbnailUrl":"https:\/\/bevn.org\/wp-content\/uploads\/2025\/06\/cropped-BEVN-Logo-Block-55x55.png","datePublished":"2025-06-21T10:33:37+00:00","dateModified":"2025-06-24T14:20:35+00:00","breadcrumb":{"@id":"https:\/\/bevn.org\/about#breadcrumb"},"inLanguage":"vi","potentialAction":[{"@type":"ReadAction","target":["https:\/\/bevn.org\/about"]}]},{"@type":"ImageObject","inLanguage":"vi","@id":"https:\/\/bevn.org\/about#primaryimage","url":"https:\/\/bevn.org\/wp-content\/uploads\/2025\/06\/cropped-BEVN-Logo-Block-55x55.png","contentUrl":"https:\/\/bevn.org\/wp-content\/uploads\/2025\/06\/cropped-BEVN-Logo-Block-55x55.png"},{"@type":"BreadcrumbList","@id":"https:\/\/bevn.org\/about#breadcrumb","itemListElement":[{"@type":"ListItem","position":1,"name":"Home","item":"https:\/\/bevn.org\/"},{"@type":"ListItem","position":2,"name":"About"}]},{"@type":"WebSite","@id":"https:\/\/bevn.org\/#website","url":"https:\/\/bevn.org\/","name":"BEVN","description":"Business English Vietnam","publisher":{"@id":"https:\/\/bevn.org\/#organization"},"potentialAction":[{"@type":"SearchAction","target":{"@type":"EntryPoint","urlTemplate":"https:\/\/bevn.org\/?s={search_term_string}"},"query-input":{"@type":"PropertyValueSpecification","valueRequired":true,"valueName":"search_term_string"}}],"inLanguage":"vi"},{"@type":"Organization","@id":"https:\/\/bevn.org\/#organization","name":"BEVN","url":"https:\/\/bevn.org\/","logo":{"@type":"ImageObject","inLanguage":"vi","@id":"https:\/\/bevn.org\/#\/schema\/logo\/image\/","url":"https:\/\/bevn.org\/wp-content\/uploads\/2025\/06\/cropped-BEVN-Logo-Block.png","contentUrl":"https:\/\/bevn.org\/wp-content\/uploads\/2025\/06\/cropped-BEVN-Logo-Block.png","width":512,"height":512,"caption":"BEVN"},"image":{"@id":"https:\/\/bevn.org\/#\/schema\/logo\/image\/"}}]}},"jetpack_sharing_enabled":true,"_links":{"self":[{"href":"https:\/\/bevn.org\/vi\/wp-json\/wp\/v2\/pages\/2147","targetHints":{"allow":["GET"]}}],"collection":[{"href":"https:\/\/bevn.org\/vi\/wp-json\/wp\/v2\/pages"}],"about":[{"href":"https:\/\/bevn.org\/vi\/wp-json\/wp\/v2\/types\/page"}],"author":[{"embeddable":true,"href":"https:\/\/bevn.org\/vi\/wp-json\/wp\/v2\/users\/1"}],"replies":[{"embeddable":true,"href":"https:\/\/bevn.org\/vi\/wp-json\/wp\/v2\/comments?post=2147"}],"version-history":[{"count":15,"href":"https:\/\/bevn.org\/vi\/wp-json\/wp\/v2\/pages\/2147\/revisions"}],"predecessor-version":[{"id":2452,"href":"https:\/\/bevn.org\/vi\/wp-json\/wp\/v2\/pages\/2147\/revisions\/2452"}],"wp:attachment":[{"href":"https:\/\/bevn.org\/vi\/wp-json\/wp\/v2\/media?parent=2147"}],"curies":[{"name":"wp","href":"https:\/\/api.w.org\/{rel}","templated":true}]}}